{"id":737,"date":"2020-10-07T04:15:40","date_gmt":"2020-10-07T04:15:40","guid":{"rendered":"http:\/\/july.commonsupport.com\/electman\/?page_id=737"},"modified":"2023-08-22T08:47:59","modified_gmt":"2023-08-22T05:47:59","slug":"haberler","status":"publish","type":"page","link":"https:\/\/www.mimarelektrik.com.tr\/index.php\/haberler\/","title":{"rendered":"Haberler"},"content":{"rendered":"\t\t<div data-elementor-type=\"wp-page\" data-elementor-id=\"737\" class=\"elementor elementor-737\">\n\t\t\t\t\t\t\t\t\t<section class=\"elementor-section elementor-top-section elementor-element elementor-element-e6b8fcd elementor-section-boxed elementor-section-height-default elementor-section-height-default\" data-id=\"e6b8fcd\" data-element_type=\"section\">\n\t\t\t\t\t\t<div class=\"elementor-container elementor-column-gap-default\">\n\t\t\t\t\t<div class=\"elementor-column elementor-col-100 elementor-top-column elementor-element elementor-element-290f755\" data-id=\"290f755\" data-element_type=\"column\">\n\t\t\t<div class=\"elementor-widget-wrap\">\n\t\t\t\t\t\t\t\t\t<\/div>\n\t\t<\/div>\n\t\t\t\t\t\t\t<\/div>\n\t\t<\/section>\n\t\t\t\t<section class=\"elementor-section elementor-top-section elementor-element elementor-element-6658fa2 elementor-section-stretched elementor-section-full_width elementor-section-height-default elementor-section-height-default\" data-id=\"6658fa2\" data-element_type=\"section\" data-settings=\"{&quot;stretch_section&quot;:&quot;section-stretched&quot;}\">\n\t\t\t\t\t\t<div class=\"elementor-container elementor-column-gap-no\">\n\t\t\t\t\t<div class=\"elementor-column elementor-col-100 elementor-top-column elementor-element elementor-element-76913e1\" data-id=\"76913e1\" data-element_type=\"column\">\n\t\t\t<div class=\"elementor-widget-wrap elementor-element-populated\">\n\t\t\t\t\t\t\t\t<div class=\"elementor-element elementor-element-86c0585 elementor-widget elementor-widget-electman_blog\" data-id=\"86c0585\" data-element_type=\"widget\" data-widget_type=\"electman_blog.default\">\n\t\t\t\t<div class=\"elementor-widget-container\">\n\t\t\t\t\n\t\t<!--News Section-->\n\t\t<section class=\" news-section\">\n\t\t\t<div class=\"auto-container\">\n\t\t\t\t\t\t\t\t<div class=\"sec-title centered\">\n\t\t\t\t\t<div class=\"upper-text\"><span class=\"logo_bolt2\"><img decoding=\"async\" src=\"https:\/\/www.mimarelektrik.com.tr\/wp-content\/uploads\/2020\/08\/bolt-1.gif\" alt=\"\"><\/span>Mimar Enerji Kablo Elektrik<\/div>\n\t\t\t\t\t<h2>HABERLER<\/h2>\n\t\t\t\t\t\n\t\t\t\t\t<div class=\"bottom-dots clearfix\">\n\t\t\t\t\t\t<span class=\"dot line-dot\"><\/span>\n\t\t\t\t\t\t<span class=\"dot\"><\/span>\n\t\t\t\t\t\t<span class=\"dot\"><\/span>\n\t\t\t\t\t\t<span class=\"dot\"><\/span>\n\t\t\t\t\t<\/div>\n\t\t\t\t<\/div>\n\t\t\t\t\t\t\t\t<div class=\"row clearfix\">\n\t\t\t\t\n\t\t\t\t\t\t\t\t\t\n\t\t\t\t\t<!--News Block-->\n\t\t\t\t\t<div class=\"news-block col-lg-4 col-md-6 col-sm-12 wow fadeInUp\" data-wow-delay=\"0ms\"  data-wow-duration=\"2000ms\">\n\t\t\t\t\t\t<div class=\"inner-box\">\n\t\t\t\t\t\t\t<div class=\"image-box\">\n\t\t\t\t\t\t\t\t\t\t\t\t\t\t\t\t<figure class=\"image\">\n\t\t\t\t\t\t\t\t\t<a href=\"https:\/\/www.mimarelektrik.com.tr\/index.php\/2022\/02\/05\/mimar-elektrik-tv85-is-ve-basari-programinda\/\"><img decoding=\"async\" src=\"https:\/\/www.mimarelektrik.com.tr\/wp-content\/uploads\/2022\/02\/Basliksiz-12.png\" alt=\"Image\"><\/a>\n\t\t\t\t\t\t\t\t<\/figure>\n\t\t\t\t\t\t\t\t\t\t\t\t\t\t\t\t<div class=\"post-date\">\n\t\t\t\t\t\t\t\t\t<span class=\"day\">05<\/span><span class=\"month\">\u015eub<\/span>\n\t\t\t\t\t\t\t\t<\/div>\n\t\t\t\t\t\t\t<\/div>\n\t\t\t\t\t\t\t<div class=\"lower-box\">\n\t\t\t\t\t\t\t\t<div class=\"meta-info home_post\">\n\t\t\t\t\t\t\t\t<a href=\"https:\/\/www.mimarelektrik.com.tr\/index.php\/2022\/02\/05\/mimar-elektrik-tv85-is-ve-basari-programinda\/\"><span class=\"xnm fa fa-user\"><\/span>By: admin<\/a> \n\t\t\t\t\t\t\t\t<a href=\"https:\/\/www.mimarelektrik.com.tr\/index.php\/2022\/02\/05\/mimar-elektrik-tv85-is-ve-basari-programinda\/\">\n\t\t\t\t\t\t\t\t<span class=\"xnm fa fa-comments\"><\/span> Yorum yap\u0131lmam\u0131\u015f<\/a><\/div>\n\t\t\t\t\t\t\t\t\n\t\t\t\t\t\t\t\t<h3><a href=\"https:\/\/www.mimarelektrik.com.tr\/index.php\/2022\/02\/05\/mimar-elektrik-tv85-is-ve-basari-programinda\/\">Mimar Elektrik | TV8,5 \u0130\u015f ve Ba\u015far\u0131 Program\u0131nda! <\/a><\/h3>\n\t\t\t\t\t\t\t\t<div class=\"text_p\">\n\t\t\t\t\t\t\t\t<p>Mimar Enerji Kablo Elektrik &#8211; TV8,5 \u0130\u015f ve Ba\u015far\u0131 Mimar Enerji Kablo Elektrik ...<\/p>\n\t\t\t\t\t\t\t\t<\/div>\n\t\t\t\t\t\t\t\t\n\t\t\t\t\t\t\t\t<div class=\"link-box\">\n\t\t\t\t\t\t\t\t\t<a href=\"https:\/\/www.mimarelektrik.com.tr\/index.php\/2022\/02\/05\/mimar-elektrik-tv85-is-ve-basari-programinda\/\"><span class=\"txt\">Read More<\/span> <span class=\"icon flaticon-arrows-11\"><\/span><\/a>\n\t\t\t\t\t\t\t\t<\/div>\n\t\t\t\t\t\t\t<\/div>\n\t\t\t\t\t\t<\/div>\n\t\t\t\t\t<\/div>\n\t\t\t\t\t\n\t\t\t\t\t\t\t\t\t\n\t\t\t\t\t<!--News Block-->\n\t\t\t\t\t<div class=\"news-block col-lg-4 col-md-6 col-sm-12 wow fadeInUp\" data-wow-delay=\"0ms\"  data-wow-duration=\"2000ms\">\n\t\t\t\t\t\t<div class=\"inner-box\">\n\t\t\t\t\t\t\t<div class=\"image-box\">\n\t\t\t\t\t\t\t\t\t\t\t\t\t\t\t\t<figure class=\"image\">\n\t\t\t\t\t\t\t\t\t<a href=\"https:\/\/www.mimarelektrik.com.tr\/index.php\/2020\/05\/22\/genel-haberler\/\"><img decoding=\"async\" src=\"https:\/\/www.mimarelektrik.com.tr\/wp-content\/uploads\/2023\/05\/WhatsApp-Image-2023-05-11-at-08.56.30XXXX-e1684491514324.png\" alt=\"Image\"><\/a>\n\t\t\t\t\t\t\t\t<\/figure>\n\t\t\t\t\t\t\t\t\t\t\t\t\t\t\t\t<div class=\"post-date\">\n\t\t\t\t\t\t\t\t\t<span class=\"day\">22<\/span><span class=\"month\">May<\/span>\n\t\t\t\t\t\t\t\t<\/div>\n\t\t\t\t\t\t\t<\/div>\n\t\t\t\t\t\t\t<div class=\"lower-box\">\n\t\t\t\t\t\t\t\t<div class=\"meta-info home_post\">\n\t\t\t\t\t\t\t\t<a href=\"https:\/\/www.mimarelektrik.com.tr\/index.php\/2020\/05\/22\/genel-haberler\/\"><span class=\"xnm fa fa-user\"><\/span>By: admin<\/a> \n\t\t\t\t\t\t\t\t<a href=\"https:\/\/www.mimarelektrik.com.tr\/index.php\/2020\/05\/22\/genel-haberler\/\">\n\t\t\t\t\t\t\t\t<span class=\"xnm fa fa-comments\"><\/span> Yorum yap\u0131lmam\u0131\u015f<\/a><\/div>\n\t\t\t\t\t\t\t\t\n\t\t\t\t\t\t\t\t<h3><a href=\"https:\/\/www.mimarelektrik.com.tr\/index.php\/2020\/05\/22\/genel-haberler\/\">Mimar Elektrik A\u00c7ILDI! <\/a><\/h3>\n\t\t\t\t\t\t\t\t<div class=\"text_p\">\n\t\t\t\t\t\t\t\t<p>&nbsp;Mimar Elektrik Enerji Kablo LTD.\u015eT\u0130. S\u00fcleyman Bey, Mimar Sinan Cd. No:60\/A, 77100 Merkez\/Yalova&#8217;da ...<\/p>\n\t\t\t\t\t\t\t\t<\/div>\n\t\t\t\t\t\t\t\t\n\t\t\t\t\t\t\t\t<div class=\"link-box\">\n\t\t\t\t\t\t\t\t\t<a href=\"https:\/\/www.mimarelektrik.com.tr\/index.php\/2020\/05\/22\/genel-haberler\/\"><span class=\"txt\">Read More<\/span> <span class=\"icon flaticon-arrows-11\"><\/span><\/a>\n\t\t\t\t\t\t\t\t<\/div>\n\t\t\t\t\t\t\t<\/div>\n\t\t\t\t\t\t<\/div>\n\t\t\t\t\t<\/div>\n\t\t\t\t\t\n\t\t\t\t\t\n\t\t\t\t<\/div>\n\n\t\t\t<\/div>\n\t\t<\/section>\n\t\t\n        \t\t<\/div>\n\t\t\t\t<\/div>\n\t\t\t\t\t<\/div>\n\t\t<\/div>\n\t\t\t\t\t\t\t<\/div>\n\t\t<\/section>\n\t\t\t\t<section class=\"elementor-section elementor-top-section elementor-element elementor-element-f10b960 elementor-section-boxed elementor-section-height-default elementor-section-height-default\" data-id=\"f10b960\" data-element_type=\"section\">\n\t\t\t\t\t\t<div class=\"elementor-container elementor-column-gap-default\">\n\t\t\t\t\t<div class=\"elementor-column elementor-col-100 elementor-top-column elementor-element elementor-element-7758ac6\" data-id=\"7758ac6\" data-element_type=\"column\">\n\t\t\t<div class=\"elementor-widget-wrap elementor-element-populated\">\n\t\t\t\t\t\t\t\t<div class=\"elementor-element elementor-element-d76b7fb elementor-widget elementor-widget-google_maps\" data-id=\"d76b7fb\" data-element_type=\"widget\" data-widget_type=\"google_maps.default\">\n\t\t\t\t<div class=\"elementor-widget-container\">\n\t\t\t<style>\/*! elementor - v3.10.2 - 29-01-2023 *\/\n.elementor-widget-google_maps .elementor-widget-container{overflow:hidden}.elementor-widget-google_maps iframe{height:300px}<\/style>\t\t<div class=\"elementor-custom-embed\">\n\t\t\t<iframe loading=\"lazy\"\n\t\t\t\t\tsrc=\"https:\/\/maps.google.com\/maps?q=Mimar%20Enerji%20Elektrik%20Kablo%20Yalova%2FMerkez&#038;t=m&#038;z=15&#038;output=embed&#038;iwloc=near\"\n\t\t\t\t\ttitle=\"Mimar Enerji Elektrik Kablo Yalova\/Merkez\"\n\t\t\t\t\taria-label=\"Mimar Enerji Elektrik Kablo Yalova\/Merkez\"\n\t\t\t><\/iframe>\n\t\t<\/div>\n\t\t\t\t<\/div>\n\t\t\t\t<\/div>\n\t\t\t\t\t<\/div>\n\t\t<\/div>\n\t\t\t\t\t\t\t<\/div>\n\t\t<\/section>\n\t\t\t\t\t\t\t<\/div>\n\t\t","protected":false},"excerpt":{"rendered":"<p>Mimar Enerji Kablo Elektrik HABERLER 05\u015eub By: admin Yorum yap\u0131lmam\u0131\u015f Mimar Elektrik | TV8,5 \u0130\u015f ve Ba\u015far\u0131 Program\u0131nda! Mimar Enerji Kablo Elektrik &#8211; TV8,5 \u0130\u015f ve Ba\u015far\u0131 Mimar Enerji Kablo Elektrik &#8230; Read More 22May By: admin Yorum yap\u0131lmam\u0131\u015f Mimar Elektrik A\u00c7ILDI! \u00a0Mimar Elektrik Enerji Kablo LTD.\u015eT\u0130.S\u00fcleyman Bey, Mimar Sinan Cd. No:60\/A, 77100 Merkez\/Yalova&#8217;da A\u00e7\u0131ld\u0131!Mimar [&hellip;]<\/p>\n","protected":false},"author":1,"featured_media":0,"parent":0,"menu_order":0,"comment_status":"closed","ping_status":"closed","template":"tpl-default-elementor.php","meta":{"_joinchat":[]},"_links":{"self":[{"href":"https:\/\/www.mimarelektrik.com.tr\/index.php\/wp-json\/wp\/v2\/pages\/737"}],"collection":[{"href":"https:\/\/www.mimarelektrik.com.tr\/index.php\/wp-json\/wp\/v2\/pages"}],"about":[{"href":"https:\/\/www.mimarelektrik.com.tr\/index.php\/wp-json\/wp\/v2\/types\/page"}],"author":[{"embeddable":true,"href":"https:\/\/www.mimarelektrik.com.tr\/index.php\/wp-json\/wp\/v2\/users\/1"}],"replies":[{"embeddable":true,"href":"https:\/\/www.mimarelektrik.com.tr\/index.php\/wp-json\/wp\/v2\/comments?post=737"}],"version-history":[{"count":68,"href":"https:\/\/www.mimarelektrik.com.tr\/index.php\/wp-json\/wp\/v2\/pages\/737\/revisions"}],"predecessor-version":[{"id":3597,"href":"https:\/\/www.mimarelektrik.com.tr\/index.php\/wp-json\/wp\/v2\/pages\/737\/revisions\/3597"}],"wp:attachment":[{"href":"https:\/\/www.mimarelektrik.com.tr\/index.php\/wp-json\/wp\/v2\/media?parent=737"}],"curies":[{"name":"wp","href":"https:\/\/api.w.org\/{rel}","templated":true}]}}