{"id":1277,"date":"2020-11-19T11:47:17","date_gmt":"2020-11-19T11:47:17","guid":{"rendered":"http:\/\/july.commonsupport.com\/electman\/?page_id=1277"},"modified":"2023-05-22T16:51:24","modified_gmt":"2023-05-22T13:51:24","slug":"misyon-vizyon","status":"publish","type":"page","link":"https:\/\/www.mimarelektrik.com.tr\/index.php\/misyon-vizyon\/","title":{"rendered":"Misyon &#038; Vizyon"},"content":{"rendered":"\t\t<div data-elementor-type=\"wp-page\" data-elementor-id=\"1277\" class=\"elementor elementor-1277\">\n\t\t\t\t\t\t\t\t\t<section class=\"elementor-section elementor-top-section elementor-element elementor-element-859eb23 elementor-section-boxed elementor-section-height-default elementor-section-height-default\" data-id=\"859eb23\" data-element_type=\"section\">\n\t\t\t\t\t\t<div class=\"elementor-container elementor-column-gap-default\">\n\t\t\t\t\t<div class=\"elementor-column elementor-col-50 elementor-top-column elementor-element elementor-element-d7fcd0b\" data-id=\"d7fcd0b\" data-element_type=\"column\">\n\t\t\t<div class=\"elementor-widget-wrap elementor-element-populated\">\n\t\t\t\t\t\t\t\t<div class=\"elementor-element elementor-element-dc95f14 elementor-widget elementor-widget-electman_why_choose_us\" data-id=\"dc95f14\" data-element_type=\"widget\" data-widget_type=\"electman_why_choose_us.default\">\n\t\t\t\t<div class=\"elementor-widget-container\">\n\t\t\t\t\t\n\t\t<section class=\" why-choose-us-section\">\n\t\t\t<div class=\"auto-container\">\n\t\t\t\t\t\t\t\t<div class=\"sec-title text-center\">\n\t\t\t\t\t<div class=\"shape-one\"><\/div>\n\t\t\t\t\t<span class=\"sec-title-dec\"><\/span>\n\t\t\t\t\t<h2>Misyon<\/h2>\n\t\t\t\t\t<div class=\"text\">Mimar Elektrik olarak satt\u0131\u011f\u0131m\u0131z ve tedarik etti\u011fimiz \u00fcr\u00fcnlerin uzun y\u0131llar boyunca sorun \u00e7\u0131karmayan, verimlili\u011fini kaybetmeyen, kullan\u0131c\u0131lar\u0131n t\u00fcm ihtiya\u00e7lar\u0131n\u0131 birebir kar\u015f\u0131layan, insan sa\u011fl\u0131\u011f\u0131 ve \u00e7evre i\u00e7in risk olu\u015fturmayan sistem ve \u00fcr\u00fcnler olmas\u0131 \u00fczerine harc\u0131yoruz.\n\n<br><br>\n\u201cEN B\u00dcY\u00dcK\u201d OLMAK \u0130\u00c7\u0130N DE\u011e\u0130L, \u201cEN \u0130Y\u0130\u201d OLMAK \u0130\u00c7\u0130N \u00c7ALI\u015eIYORUZ!<br><br>\n\n\nBizim i\u00e7in \u00f6nemli olan ald\u0131\u011f\u0131n\u0131z \u00fcr\u00fcn\u00fc uzun y\u0131llar sonra bile sa\u011flad\u0131\u011f\u0131m\u0131z sistemin sorun \u00e7\u0131karmamas\u0131 ve m\u00fc\u015fterilerimizin bize olan g\u00fcvenini kaybetmiyor olmas\u0131d\u0131r.<\/div>\n\t\t\t\t<\/div>\n\t\t\t\t\t\t\t\t<div class=\"row\">\n\t\t\t\t\t\t\t\t\t\t<div class=\"why-choose-us-block col-lg-4\">\n\t\t\t\t\t\t<div class=\"inner-box hvr-bounce-to-bottom\">\n\t\t\t\t\t\t\t<div class=\"icon-box\">\n\t\t\t\t\t\t\t\t<span class=\"icon flaticon-technology\"><\/span>\n\t\t\t\t\t\t\t<\/div>\n\t\t\t\t\t\t\t<h4><a href=\"http:\/\/z.commonsupport.com\/electman\/install-a-ceiling-fan\/\">M\u00fc\u015fteri Memnuniyeti<\/a><\/h4>\n\t\t\t\t\t\t\t<div class=\"text\"><\/div>\n\t\t\t\t\t\t<\/div>\n\t\t\t\t\t<\/div>\n\t\t\t\t\t\t\t\t\t\t<div class=\"why-choose-us-block col-lg-4\">\n\t\t\t\t\t\t<div class=\"inner-box hvr-bounce-to-bottom\">\n\t\t\t\t\t\t\t<div class=\"icon-box\">\n\t\t\t\t\t\t\t\t<span class=\"icon flaticon-smartphone-call\"><\/span>\n\t\t\t\t\t\t\t<\/div>\n\t\t\t\t\t\t\t<h4><a href=\"http:\/\/z.commonsupport.com\/electman\/install-a-ceiling-fan\/\">\u0130nsan G\u00fcvenli\u011fi<\/a><\/h4>\n\t\t\t\t\t\t\t<div class=\"text\"><\/div>\n\t\t\t\t\t\t<\/div>\n\t\t\t\t\t<\/div>\n\t\t\t\t\t\t\t\t\t\t<div class=\"why-choose-us-block col-lg-4\">\n\t\t\t\t\t\t<div class=\"inner-box hvr-bounce-to-bottom\">\n\t\t\t\t\t\t\t<div class=\"icon-box\">\n\t\t\t\t\t\t\t\t<span class=\"icon flaticon-chart-of-columns\"><\/span>\n\t\t\t\t\t\t\t<\/div>\n\t\t\t\t\t\t\t<h4><a href=\"http:\/\/z.commonsupport.com\/electman\/install-a-ceiling-fan\/\">Teknolojik D\u00f6n\u00fc\u015f\u00fcm<\/a><\/h4>\n\t\t\t\t\t\t\t<div class=\"text\"><\/div>\n\t\t\t\t\t\t<\/div>\n\t\t\t\t\t<\/div>\n\t\t\t\t\t\t\t\t\t<\/div>\n\t\t\t<\/div>\n\t\t<\/section>\n\n\t\t\t\t<\/div>\n\t\t\t\t<\/div>\n\t\t\t\t\t<\/div>\n\t\t<\/div>\n\t\t\t\t<div class=\"elementor-column elementor-col-50 elementor-top-column elementor-element elementor-element-6d046eb\" data-id=\"6d046eb\" data-element_type=\"column\">\n\t\t\t<div class=\"elementor-widget-wrap elementor-element-populated\">\n\t\t\t\t\t\t\t\t<div class=\"elementor-element elementor-element-41edd3d elementor-widget elementor-widget-electman_why_choose_us\" data-id=\"41edd3d\" data-element_type=\"widget\" data-widget_type=\"electman_why_choose_us.default\">\n\t\t\t\t<div class=\"elementor-widget-container\">\n\t\t\t\t\t\n\t\t<section class=\" why-choose-us-section\">\n\t\t\t<div class=\"auto-container\">\n\t\t\t\t\t\t\t\t<div class=\"sec-title text-center\">\n\t\t\t\t\t<div class=\"shape-one\"><\/div>\n\t\t\t\t\t<span class=\"sec-title-dec\"><\/span>\n\t\t\t\t\t<h2>Vizyon<\/h2>\n\t\t\t\t\t<div class=\"text\">Amac\u0131m\u0131z verdi\u011fimiz hizmetlerin toplam\u0131yla dahil oldu\u011fumuz t\u00fcm s\u00fcre\u00e7lerde de\u011fer katan bir i\u015f orta\u011f\u0131 olarak s\u00fcrd\u00fcr\u00fclebilir ve g\u00fcvenilir bir tedarik markas\u0131 olup, \nb\u00f6lgesinde yakalad\u0131\u011f\u0131 ba\u015far\u0131lar\u0131 yurti\u00e7i ve yurtd\u0131\u015f\u0131 alanlarda da yakalayarak aran\u0131lan \u00e7\u00f6z\u00fcm orta\u011f\u0131 olmak ve bulundu\u011fu pazarlarda liderli\u011fi yakalamak ve \nElektrik ve ayd\u0131nlatma sekt\u00f6r\u00fcnde \u00f6nc\u00fc markalar\u0131n \u00fcr\u00fcnlerine herkesin ula\u015fabildi\u011fi avantajl\u0131 fiyat \u00e7\u00f6z\u00fcmleri \u00fcretmek. T\u00fcrkiye'nin de\u011fer \u00fcreten firmalar\u0131na daha iyi hizmetler verebilmek vizyonumuzdur.<br><br><br><\/div>\n\t\t\t\t<\/div>\n\t\t\t\t\t\t\t\t<div class=\"row\">\n\t\t\t\t\t\t\t\t\t\t<div class=\"why-choose-us-block col-lg-4\">\n\t\t\t\t\t\t<div class=\"inner-box hvr-bounce-to-bottom\">\n\t\t\t\t\t\t\t<div class=\"icon-box\">\n\t\t\t\t\t\t\t\t<span class=\"icon flaticon-technology\"><\/span>\n\t\t\t\t\t\t\t<\/div>\n\t\t\t\t\t\t\t<h4><a href=\"http:\/\/z.commonsupport.com\/electman\/install-a-ceiling-fan\/\">Duyarl\u0131l\u0131k<\/a><\/h4>\n\t\t\t\t\t\t\t<div class=\"text\"><\/div>\n\t\t\t\t\t\t<\/div>\n\t\t\t\t\t<\/div>\n\t\t\t\t\t\t\t\t\t\t<div class=\"why-choose-us-block col-lg-4\">\n\t\t\t\t\t\t<div class=\"inner-box hvr-bounce-to-bottom\">\n\t\t\t\t\t\t\t<div class=\"icon-box\">\n\t\t\t\t\t\t\t\t<span class=\"icon flaticon-chart-of-columns\"><\/span>\n\t\t\t\t\t\t\t<\/div>\n\t\t\t\t\t\t\t<h4><a href=\"http:\/\/z.commonsupport.com\/electman\/install-a-ceiling-fan\/\">Hayata Dokunmak<\/a><\/h4>\n\t\t\t\t\t\t\t<div class=\"text\"><\/div>\n\t\t\t\t\t\t<\/div>\n\t\t\t\t\t<\/div>\n\t\t\t\t\t\t\t\t\t\t<div class=\"why-choose-us-block col-lg-4\">\n\t\t\t\t\t\t<div class=\"inner-box hvr-bounce-to-bottom\">\n\t\t\t\t\t\t\t<div class=\"icon-box\">\n\t\t\t\t\t\t\t\t<span class=\"icon flaticon-graph-line-screen\"><\/span>\n\t\t\t\t\t\t\t<\/div>\n\t\t\t\t\t\t\t<h4><a href=\"http:\/\/z.commonsupport.com\/electman\/install-a-ceiling-fan\/\">Dinamiklik<\/a><\/h4>\n\t\t\t\t\t\t\t<div class=\"text\"><\/div>\n\t\t\t\t\t\t<\/div>\n\t\t\t\t\t<\/div>\n\t\t\t\t\t\t\t\t\t<\/div>\n\t\t\t<\/div>\n\t\t<\/section>\n\n\t\t\t\t<\/div>\n\t\t\t\t<\/div>\n\t\t\t\t\t<\/div>\n\t\t<\/div>\n\t\t\t\t\t\t\t<\/div>\n\t\t<\/section>\n\t\t\t\t<section class=\"elementor-section elementor-top-section elementor-element elementor-element-def6421 elementor-section-stretched elementor-section-full_width elementor-section-height-default elementor-section-height-default\" data-id=\"def6421\" data-element_type=\"section\" data-settings=\"{&quot;stretch_section&quot;:&quot;section-stretched&quot;}\">\n\t\t\t\t\t\t<div class=\"elementor-container elementor-column-gap-no\">\n\t\t\t\t\t<div class=\"elementor-column elementor-col-100 elementor-top-column elementor-element elementor-element-e3bc13e\" data-id=\"e3bc13e\" data-element_type=\"column\">\n\t\t\t<div class=\"elementor-widget-wrap\">\n\t\t\t\t\t\t\t\t\t<\/div>\n\t\t<\/div>\n\t\t\t\t\t\t\t<\/div>\n\t\t<\/section>\n\t\t\t\t<section class=\"elementor-section elementor-top-section elementor-element elementor-element-15e6d08 elementor-section-stretched elementor-section-full_width elementor-section-height-default elementor-section-height-default\" data-id=\"15e6d08\" data-element_type=\"section\" data-settings=\"{&quot;stretch_section&quot;:&quot;section-stretched&quot;}\">\n\t\t\t\t\t\t<div class=\"elementor-container elementor-column-gap-no\">\n\t\t\t\t\t<div class=\"elementor-column elementor-col-100 elementor-top-column elementor-element elementor-element-9835298\" data-id=\"9835298\" data-element_type=\"column\">\n\t\t\t<div class=\"elementor-widget-wrap elementor-element-populated\">\n\t\t\t\t\t\t\t\t<div class=\"elementor-element elementor-element-f4899d9 elementor-widget elementor-widget-electman_video2\" data-id=\"f4899d9\" data-element_type=\"widget\" data-widget_type=\"electman_video2.default\">\n\t\t\t\t<div class=\"elementor-widget-container\">\n\t\t\t\t\t\n\t\t\t\t<section class=\" video-section\" style=\"background-image: url(https:\/\/www.mimarelektrik.com.tr\/wp-content\/uploads\/2020\/11\/bg-19-1.jpg);\">\n\t\t\t\t\t<div class=\"auto-container\">\n\t\t\t\t<div class=\"sec-title text-center light\">\n\t\t\t\t\t<div class=\"sec-title-dec\"><\/div>\n\t\t\t\t\t<h2>\u0130\u015fletmemize G\u00f6z Atmak \u0130\u00e7in<\/h2>\n\t\t\t\t<\/div>\n\t\t\t\t<div class=\"video-btn\">\n\t\t\t\t\t\t\t\t\t\t<a href=\"https:\/\/www.youtube.com\/watch?v=nfgw6ouSInc\" class=\"overlay-link lightbox-image video-fancybox ripple\"><img decoding=\"async\" src=\"https:\/\/www.mimarelektrik.com.tr\/wp-content\/uploads\/2020\/11\/icon-1-1.png\" alt=\"\"><\/a>\n\t\t\t\t\t\t\t\t\t<\/div>\n\t\t\t\t<div class=\"text\">K\u0131sa Videomuzu \u0130zleyebilirsiniz.<\/div>\n\t\t\t<\/div>\n\t\t<\/section>\n\n\t\t\t\t<\/div>\n\t\t\t\t<\/div>\n\t\t\t\t<div class=\"elementor-element elementor-element-04e9331 elementor-widget elementor-widget-electman_featues3\" data-id=\"04e9331\" data-element_type=\"widget\" data-widget_type=\"electman_featues3.default\">\n\t\t\t\t<div class=\"elementor-widget-container\">\n\t\t\t\t\t\n\t\t<section class=\" featues-section-three\">\n\t\t\t\t\t\t<div class=\"sec-bg\" style=\"background-image: url(https:\/\/www.mimarelektrik.com.tr\/wp-content\/uploads\/2020\/11\/bg-18-1.jpg);\">\n\t\t\t\t\t\t<\/div>\n\t\t\t\n\t\t\t<div class=\"auto-container\">\n\t\t\t\t<div class=\"row\">\n\t\t\t\t\t\t\t\t\t\t<div class=\"feature-block-three col-lg-3 col-md-6\">\n\t\t\t\t\t\t<div class=\"inner-box\">\n\t\t\t\t\t\t\t<div class=\"image\">\n\t\t\t\t\t\t\t\t<img decoding=\"async\" src=\"https:\/\/www.mimarelektrik.com.tr\/wp-content\/uploads\/2023\/05\/pngwing.com3232.png\" alt=\"https:\/\/www.mimarelektrik.com.tr\/wp-content\/uploads\/2023\/05\/pngwing.com3232.png\">\n\t\t\t\t\t\t\t\t<div class=\"overlay\">\n\t\t\t\t\t\t\t\t\t<div class=\"logo\"><img decoding=\"async\" src=\"https:\/\/www.mimarelektrik.com.tr\/wp-content\/uploads\/2020\/11\/icon-1-1.png\" alt=\"https:\/\/www.mimarelektrik.com.tr\/wp-content\/uploads\/2020\/11\/icon-1-1.png\"><\/div>\n\t\t\t\t\t\t\t\t\t<span class=\"border-one\"><\/span>\n\t\t\t\t\t\t\t\t\t<span class=\"border-two\"><\/span>\n\t\t\t\t\t\t\t\t<\/div>\n\t\t\t\t\t\t\t<\/div>\n\t\t\t\t\t\t\t<h4>Deneyim<\/h4>\n\t\t\t\t\t\t\t<div class=\"text\">Uzun y\u0131llard\u0131r sahip oldu\u011fumuz deneyimimiz ile sizlerleyiz!<\/div>\n\t\t\t\t\t\t<\/div>\n\t\t\t\t\t<\/div>\n\t\t\t\t\t\t\t\t\t\t<div class=\"feature-block-three col-lg-3 col-md-6\">\n\t\t\t\t\t\t<div class=\"inner-box\">\n\t\t\t\t\t\t\t<div class=\"image\">\n\t\t\t\t\t\t\t\t<img decoding=\"async\" src=\"https:\/\/www.mimarelektrik.com.tr\/wp-content\/uploads\/2023\/05\/asd324.png\" alt=\"https:\/\/www.mimarelektrik.com.tr\/wp-content\/uploads\/2023\/05\/asd324.png\">\n\t\t\t\t\t\t\t\t<div class=\"overlay\">\n\t\t\t\t\t\t\t\t\t<div class=\"logo\"><img decoding=\"async\" src=\"https:\/\/www.mimarelektrik.com.tr\/wp-content\/uploads\/2020\/11\/icon-1-1.png\" alt=\"https:\/\/www.mimarelektrik.com.tr\/wp-content\/uploads\/2020\/11\/icon-1-1.png\"><\/div>\n\t\t\t\t\t\t\t\t\t<span class=\"border-one\"><\/span>\n\t\t\t\t\t\t\t\t\t<span class=\"border-two\"><\/span>\n\t\t\t\t\t\t\t\t<\/div>\n\t\t\t\t\t\t\t<\/div>\n\t\t\t\t\t\t\t<h4>Kalite ve Fiyat<\/h4>\n\t\t\t\t\t\t\t<div class=\"text\">En kaliteli \u00fcr\u00fcnler, uygun fiyatlarla<\/div>\n\t\t\t\t\t\t<\/div>\n\t\t\t\t\t<\/div>\n\t\t\t\t\t\t\t\t\t\t<div class=\"feature-block-three col-lg-3 col-md-6\">\n\t\t\t\t\t\t<div class=\"inner-box\">\n\t\t\t\t\t\t\t<div class=\"image\">\n\t\t\t\t\t\t\t\t<img decoding=\"async\" src=\"https:\/\/www.mimarelektrik.com.tr\/wp-content\/uploads\/2023\/05\/232asd.png\" alt=\"https:\/\/www.mimarelektrik.com.tr\/wp-content\/uploads\/2023\/05\/232asd.png\">\n\t\t\t\t\t\t\t\t<div class=\"overlay\">\n\t\t\t\t\t\t\t\t\t<div class=\"logo\"><img decoding=\"async\" src=\"https:\/\/www.mimarelektrik.com.tr\/wp-content\/uploads\/2020\/11\/icon-1-1.png\" alt=\"https:\/\/www.mimarelektrik.com.tr\/wp-content\/uploads\/2020\/11\/icon-1-1.png\"><\/div>\n\t\t\t\t\t\t\t\t\t<span class=\"border-one\"><\/span>\n\t\t\t\t\t\t\t\t\t<span class=\"border-two\"><\/span>\n\t\t\t\t\t\t\t\t<\/div>\n\t\t\t\t\t\t\t<\/div>\n\t\t\t\t\t\t\t<h4>G\u00fcven<\/h4>\n\t\t\t\t\t\t\t<div class=\"text\">Kafan\u0131zda soru i\u015faretleri olmadan ticaret<\/div>\n\t\t\t\t\t\t<\/div>\n\t\t\t\t\t<\/div>\n\t\t\t\t\t\t\t\t\t\t<div class=\"feature-block-three col-lg-3 col-md-6\">\n\t\t\t\t\t\t<div class=\"inner-box\">\n\t\t\t\t\t\t\t<div class=\"image\">\n\t\t\t\t\t\t\t\t<img decoding=\"async\" src=\"https:\/\/www.mimarelektrik.com.tr\/wp-content\/uploads\/2023\/05\/pngegg432.png\" alt=\"https:\/\/www.mimarelektrik.com.tr\/wp-content\/uploads\/2023\/05\/pngegg432.png\">\n\t\t\t\t\t\t\t\t<div class=\"overlay\">\n\t\t\t\t\t\t\t\t\t<div class=\"logo\"><img decoding=\"async\" src=\"https:\/\/www.mimarelektrik.com.tr\/wp-content\/uploads\/2020\/11\/icon-1-1.png\" alt=\"https:\/\/www.mimarelektrik.com.tr\/wp-content\/uploads\/2020\/11\/icon-1-1.png\"><\/div>\n\t\t\t\t\t\t\t\t\t<span class=\"border-one\"><\/span>\n\t\t\t\t\t\t\t\t\t<span class=\"border-two\"><\/span>\n\t\t\t\t\t\t\t\t<\/div>\n\t\t\t\t\t\t\t<\/div>\n\t\t\t\t\t\t\t<h4>H\u0131zl\u0131 Tedarik<\/h4>\n\t\t\t\t\t\t\t<div class=\"text\">M\u00fc\u015fterilerimizin ihtiya\u00e7lar\u0131n\u0131 stoklar\u0131m\u0131zdan h\u0131zl\u0131 bir \u015fekilde kar\u015f\u0131lamaktay\u0131z<\/div>\n\t\t\t\t\t\t<\/div>\n\t\t\t\t\t<\/div>\n\t\t\t\t\t\t\t\t\t<\/div>\n\t\t\t<\/div>\n\t\t<\/section>\n\n\t\t\t\t<\/div>\n\t\t\t\t<\/div>\n\t\t\t\t\t<\/div>\n\t\t<\/div>\n\t\t\t\t\t\t\t<\/div>\n\t\t<\/section>\n\t\t\t\t<section class=\"elementor-section elementor-top-section elementor-element elementor-element-b75e596 elementor-section-boxed elementor-section-height-default elementor-section-height-default\" data-id=\"b75e596\" data-element_type=\"section\">\n\t\t\t\t\t\t<div class=\"elementor-container elementor-column-gap-default\">\n\t\t\t\t\t<div class=\"elementor-column elementor-col-100 elementor-top-column elementor-element elementor-element-abb9fc5\" data-id=\"abb9fc5\" data-element_type=\"column\">\n\t\t\t<div class=\"elementor-widget-wrap elementor-element-populated\">\n\t\t\t\t\t\t\t\t<div class=\"elementor-element elementor-element-c40355e elementor-widget elementor-widget-google_maps\" data-id=\"c40355e\" data-element_type=\"widget\" data-widget_type=\"google_maps.default\">\n\t\t\t\t<div class=\"elementor-widget-container\">\n\t\t\t<style>\/*! elementor - v3.10.2 - 29-01-2023 *\/\n.elementor-widget-google_maps .elementor-widget-container{overflow:hidden}.elementor-widget-google_maps iframe{height:300px}<\/style>\t\t<div class=\"elementor-custom-embed\">\n\t\t\t<iframe loading=\"lazy\"\n\t\t\t\t\tsrc=\"https:\/\/maps.google.com\/maps?q=Mimar%20Enerji%20Elektrik%20Kablo%20Yalova%2FMerkez&#038;t=m&#038;z=15&#038;output=embed&#038;iwloc=near\"\n\t\t\t\t\ttitle=\"Mimar Enerji Elektrik Kablo Yalova\/Merkez\"\n\t\t\t\t\taria-label=\"Mimar Enerji Elektrik Kablo Yalova\/Merkez\"\n\t\t\t><\/iframe>\n\t\t<\/div>\n\t\t\t\t<\/div>\n\t\t\t\t<\/div>\n\t\t\t\t\t<\/div>\n\t\t<\/div>\n\t\t\t\t\t\t\t<\/div>\n\t\t<\/section>\n\t\t\t\t\t\t\t<\/div>\n\t\t","protected":false},"excerpt":{"rendered":"<p>Misyon Mimar Elektrik olarak satt\u0131\u011f\u0131m\u0131z ve tedarik etti\u011fimiz \u00fcr\u00fcnlerin uzun y\u0131llar boyunca sorun \u00e7\u0131karmayan, verimlili\u011fini kaybetmeyen, kullan\u0131c\u0131lar\u0131n t\u00fcm ihtiya\u00e7lar\u0131n\u0131 birebir kar\u015f\u0131layan, insan sa\u011fl\u0131\u011f\u0131 ve \u00e7evre i\u00e7in risk olu\u015fturmayan sistem ve \u00fcr\u00fcnler olmas\u0131 \u00fczerine harc\u0131yoruz. \u201cEN B\u00dcY\u00dcK\u201d OLMAK \u0130\u00c7\u0130N DE\u011e\u0130L, \u201cEN \u0130Y\u0130\u201d OLMAK \u0130\u00c7\u0130N \u00c7ALI\u015eIYORUZ! Bizim i\u00e7in \u00f6nemli olan ald\u0131\u011f\u0131n\u0131z \u00fcr\u00fcn\u00fc uzun y\u0131llar sonra bile sa\u011flad\u0131\u011f\u0131m\u0131z [&hellip;]<\/p>\n","protected":false},"author":1,"featured_media":0,"parent":0,"menu_order":0,"comment_status":"closed","ping_status":"closed","template":"tpl-default-elementor.php","meta":{"_joinchat":[]},"_links":{"self":[{"href":"https:\/\/www.mimarelektrik.com.tr\/index.php\/wp-json\/wp\/v2\/pages\/1277"}],"collection":[{"href":"https:\/\/www.mimarelektrik.com.tr\/index.php\/wp-json\/wp\/v2\/pages"}],"about":[{"href":"https:\/\/www.mimarelektrik.com.tr\/index.php\/wp-json\/wp\/v2\/types\/page"}],"author":[{"embeddable":true,"href":"https:\/\/www.mimarelektrik.com.tr\/index.php\/wp-json\/wp\/v2\/users\/1"}],"replies":[{"embeddable":true,"href":"https:\/\/www.mimarelektrik.com.tr\/index.php\/wp-json\/wp\/v2\/comments?post=1277"}],"version-history":[{"count":17,"href":"https:\/\/www.mimarelektrik.com.tr\/index.php\/wp-json\/wp\/v2\/pages\/1277\/revisions"}],"predecessor-version":[{"id":3498,"href":"https:\/\/www.mimarelektrik.com.tr\/index.php\/wp-json\/wp\/v2\/pages\/1277\/revisions\/3498"}],"wp:attachment":[{"href":"https:\/\/www.mimarelektrik.com.tr\/index.php\/wp-json\/wp\/v2\/media?parent=1277"}],"curies":[{"name":"wp","href":"https:\/\/api.w.org\/{rel}","templated":true}]}}